{"id":1123,"date":"2016-10-27T21:01:24","date_gmt":"2016-10-27T21:01:24","guid":{"rendered":"http:\/\/www.gruppomoras.com\/ventanas\/en\/?page_id=1123"},"modified":"2016-10-27T21:01:24","modified_gmt":"2016-10-27T21:01:24","slug":"log-out","status":"publish","type":"page","link":"https:\/\/www.gruppomoras.com\/ventanas\/en\/log-out\/","title":{"rendered":"Log Out"},"content":{"rendered":"<div class=\"tml tml-login\">\n<div class=\"tml-alerts\"><\/div><form name=\"login\" action=\"https:\/\/www.gruppomoras.com\/ventanas\/login\/\" method=\"post\">\n<div class=\"tml-field-wrap tml-log-wrap\">\n<label class=\"tml-label\" for=\"user_login\">Nombre de usuario o correo electr\u00f3nico<\/label>\n<input name=\"log\" type=\"text\" value=\"\" id=\"user_login\" autocapitalize=\"off\" class=\"tml-field\">\n<\/div>\n\n<div class=\"tml-field-wrap tml-pwd-wrap\">\n<label class=\"tml-label\" for=\"user_pass\">Contrase\u00f1a<\/label>\n<input name=\"pwd\" type=\"password\" value=\"\" id=\"user_pass\" class=\"tml-field\">\n<\/div>\n\n\n<div class=\"tml-field-wrap tml-rememberme-wrap\">\n<input name=\"rememberme\" type=\"checkbox\" value=\"forever\" id=\"rememberme\" class=\"tml-checkbox\">\n<label class=\"tml-label\" for=\"rememberme\">Recordarme<\/label>\n<\/div>\n\n<div class=\"tml-field-wrap tml-submit-wrap\">\n<button name=\"submit\" type=\"submit\" class=\"tml-button\">Iniciar sesi\u00f3n<\/button>\n<\/div>\n\n<input name=\"redirect_to\" type=\"hidden\" value=\"https:\/\/www.gruppomoras.com\/ventanas\/wp-admin\/\">\n\n<\/form>\n<ul class=\"tml-links\"><li class=\"tml-lostpassword-link\"><a href=\"https:\/\/www.gruppomoras.com\/lostpassword\/\">\u00bfOlvidaste tu contrase\u00f1a?<\/a><\/li><\/ul><\/div>\n\n","protected":false},"excerpt":{"rendered":"Nombre de usuario o correo electr\u00f3nico Contrase\u00f1a Recordarme Iniciar sesi\u00f3n \u00bfOlvidaste tu contrase\u00f1a?","protected":false},"author":1,"featured_media":0,"parent":0,"menu_order":0,"comment_status":"closed","ping_status":"closed","template":"","meta":[],"yoast_head":"<!-- This site is optimized with the Yoast SEO plugin v20.2.1 - https:\/\/yoast.com\/wordpress\/plugins\/seo\/ -->\n<title>Log Out - Gruppo Moras - Ventanas - Curtain Wall<\/title>\n<meta name=\"robots\" content=\"index, follow, max-snippet:-1, max-image-preview:large, max-video-preview:-1\" \/>\n<link rel=\"canonical\" href=\"https:\/\/www.gruppomoras.com\/ventanas\/log-out\/\" \/>\n<meta property=\"og:locale\" content=\"es_ES\" \/>\n<meta property=\"og:type\" content=\"article\" \/>\n<meta property=\"og:title\" content=\"Log Out - Gruppo Moras - Ventanas - Curtain Wall\" \/>\n<meta property=\"og:url\" content=\"https:\/\/www.gruppomoras.com\/ventanas\/en\/log-out\/\" \/>\n<meta property=\"og:site_name\" content=\"Gruppo Moras - Ventanas - Curtain Wall\" \/>\n<meta name=\"twitter:card\" content=\"summary_large_image\" \/>\n<script type=\"application\/ld+json\" class=\"yoast-schema-graph\">{\"@context\":\"https:\/\/schema.org\",\"@graph\":[{\"@type\":\"WebPage\",\"@id\":\"https:\/\/www.gruppomoras.com\/ventanas\/en\/log-out\/\",\"url\":\"https:\/\/www.gruppomoras.com\/ventanas\/en\/log-out\/\",\"name\":\"Log Out - Gruppo Moras - Ventanas - Curtain Wall\",\"isPartOf\":{\"@id\":\"https:\/\/www.gruppomoras.com\/ventanas\/#website\"},\"datePublished\":\"2016-10-27T21:01:24+00:00\",\"dateModified\":\"2016-10-27T21:01:24+00:00\",\"breadcrumb\":{\"@id\":\"https:\/\/www.gruppomoras.com\/ventanas\/en\/log-out\/#breadcrumb\"},\"inLanguage\":\"es-AR\",\"potentialAction\":[{\"@type\":\"ReadAction\",\"target\":[\"https:\/\/www.gruppomoras.com\/ventanas\/en\/log-out\/\"]}]},{\"@type\":\"BreadcrumbList\",\"@id\":\"https:\/\/www.gruppomoras.com\/ventanas\/en\/log-out\/#breadcrumb\",\"itemListElement\":[{\"@type\":\"ListItem\",\"position\":1,\"name\":\"Home\",\"item\":\"https:\/\/www.gruppomoras.com\/ventanas\/\"},{\"@type\":\"ListItem\",\"position\":2,\"name\":\"Log Out\"}]},{\"@type\":\"WebSite\",\"@id\":\"https:\/\/www.gruppomoras.com\/ventanas\/#website\",\"url\":\"https:\/\/www.gruppomoras.com\/ventanas\/\",\"name\":\"Gruppo Moras - Ventanas - Curtain Wall\",\"description\":\"\",\"potentialAction\":[{\"@type\":\"SearchAction\",\"target\":{\"@type\":\"EntryPoint\",\"urlTemplate\":\"https:\/\/www.gruppomoras.com\/ventanas\/?s={search_term_string}\"},\"query-input\":\"required name=search_term_string\"}],\"inLanguage\":\"es-AR\"}]}<\/script>\n<!-- \/ Yoast SEO plugin. -->","yoast_head_json":{"title":"Log Out - Gruppo Moras - Ventanas - Curtain Wall","robots":{"index":"index","follow":"follow","max-snippet":"max-snippet:-1","max-image-preview":"max-image-preview:large","max-video-preview":"max-video-preview:-1"},"canonical":"https:\/\/www.gruppomoras.com\/ventanas\/log-out\/","og_locale":"es_ES","og_type":"article","og_title":"Log Out - Gruppo Moras - Ventanas - Curtain Wall","og_url":"https:\/\/www.gruppomoras.com\/ventanas\/en\/log-out\/","og_site_name":"Gruppo Moras - Ventanas - Curtain Wall","twitter_card":"summary_large_image","schema":{"@context":"https:\/\/schema.org","@graph":[{"@type":"WebPage","@id":"https:\/\/www.gruppomoras.com\/ventanas\/en\/log-out\/","url":"https:\/\/www.gruppomoras.com\/ventanas\/en\/log-out\/","name":"Log Out - Gruppo Moras - Ventanas - Curtain Wall","isPartOf":{"@id":"https:\/\/www.gruppomoras.com\/ventanas\/#website"},"datePublished":"2016-10-27T21:01:24+00:00","dateModified":"2016-10-27T21:01:24+00:00","breadcrumb":{"@id":"https:\/\/www.gruppomoras.com\/ventanas\/en\/log-out\/#breadcrumb"},"inLanguage":"es-AR","potentialAction":[{"@type":"ReadAction","target":["https:\/\/www.gruppomoras.com\/ventanas\/en\/log-out\/"]}]},{"@type":"BreadcrumbList","@id":"https:\/\/www.gruppomoras.com\/ventanas\/en\/log-out\/#breadcrumb","itemListElement":[{"@type":"ListItem","position":1,"name":"Home","item":"https:\/\/www.gruppomoras.com\/ventanas\/"},{"@type":"ListItem","position":2,"name":"Log Out"}]},{"@type":"WebSite","@id":"https:\/\/www.gruppomoras.com\/ventanas\/#website","url":"https:\/\/www.gruppomoras.com\/ventanas\/","name":"Gruppo Moras - Ventanas - Curtain Wall","description":"","potentialAction":[{"@type":"SearchAction","target":{"@type":"EntryPoint","urlTemplate":"https:\/\/www.gruppomoras.com\/ventanas\/?s={search_term_string}"},"query-input":"required name=search_term_string"}],"inLanguage":"es-AR"}]}},"_links":{"self":[{"href":"https:\/\/www.gruppomoras.com\/ventanas\/wp-json\/wp\/v2\/pages\/1123"}],"collection":[{"href":"https:\/\/www.gruppomoras.com\/ventanas\/wp-json\/wp\/v2\/pages"}],"about":[{"href":"https:\/\/www.gruppomoras.com\/ventanas\/wp-json\/wp\/v2\/types\/page"}],"author":[{"embeddable":true,"href":"https:\/\/www.gruppomoras.com\/ventanas\/wp-json\/wp\/v2\/users\/1"}],"replies":[{"embeddable":true,"href":"https:\/\/www.gruppomoras.com\/ventanas\/wp-json\/wp\/v2\/comments?post=1123"}],"version-history":[{"count":0,"href":"https:\/\/www.gruppomoras.com\/ventanas\/wp-json\/wp\/v2\/pages\/1123\/revisions"}],"wp:attachment":[{"href":"https:\/\/www.gruppomoras.com\/ventanas\/wp-json\/wp\/v2\/media?parent=1123"}],"curies":[{"name":"wp","href":"https:\/\/api.w.org\/{rel}","templated":true}]}}